{"id":96,"date":"2019-03-17T12:09:49","date_gmt":"2019-03-17T11:09:49","guid":{"rendered":"http:\/\/bogama.de\/wordpress\/?page_id=96"},"modified":"2026-01-06T09:09:26","modified_gmt":"2026-01-06T08:09:26","slug":"oeffnungszeiten","status":"publish","type":"page","link":"https:\/\/bogama.de\/?page_id=96","title":{"rendered":"\u00d6ffnungszeiten"},"content":{"rendered":"\n<p>Zu folgenden Zeiten haben wir f\u00fcr Sie durchgehend ge\u00f6ffnet:<br><\/p>\n\n\n\n<p><strong>Montag &#8211; Freitag     09.00 &#8211; 18.00 Uhr <br>Samstag                    09.00 &#8211; 14.00 Uhr<\/strong> im Mai bis 16.00 Uhr<\/p>\n\n\n\n<p><strong>regelm\u00e4\u00dfige Sonder\u00f6ffnungszeiten:<\/strong><br><\/p>\n\n\n\n<p><strong>Neujahr                      geschlossen<\/strong> <br><strong>Karneval Samstag   09.00 &#8211; 12.00 Uhr <br>Rosenmontag            geschlossen<\/strong><strong><br>Heilig Abend             09.00 &#8211; 12.00 Uhr<br>zwischen Weihnachten und Neujahr wegen Inventur geschlossen<\/strong> &#8211; ab 08.01.2026 wieder ge\u00f6ffnet<\/p>\n\n\n\n<p><br><\/p>\n\n\n\n<p><br><\/p>\n","protected":false},"excerpt":{"rendered":"<p>Zu folgenden Zeiten haben wir f\u00fcr Sie durchgehend ge\u00f6ffnet: Montag &#8211; Freitag 09.00 &#8211; 18.00 Uhr Samstag 09.00 &#8211; 14.00 Uhr im Mai bis 16.00 Uhr regelm\u00e4\u00dfige Sonder\u00f6ffnungszeiten: Neujahr geschlossen Karneval Samstag 09.00 &#8211; 12.00 Uhr Rosenmontag geschlossenHeilig Abend 09.00 &#8211; 12.00 Uhrzwischen Weihnachten und Neujahr wegen Inventur geschlossen &#8211; ab 08.01.2026 wieder ge\u00f6ffnet<\/p>\n","protected":false},"author":1,"featured_media":0,"parent":0,"menu_order":0,"comment_status":"closed","ping_status":"closed","template":"template-contact.php","meta":{"footnotes":""},"class_list":["post-96","page","type-page","status-publish","hentry"],"_links":{"self":[{"href":"https:\/\/bogama.de\/index.php?rest_route=\/wp\/v2\/pages\/96"}],"collection":[{"href":"https:\/\/bogama.de\/index.php?rest_route=\/wp\/v2\/pages"}],"about":[{"href":"https:\/\/bogama.de\/index.php?rest_route=\/wp\/v2\/types\/page"}],"author":[{"embeddable":true,"href":"https:\/\/bogama.de\/index.php?rest_route=\/wp\/v2\/users\/1"}],"replies":[{"embeddable":true,"href":"https:\/\/bogama.de\/index.php?rest_route=%2Fwp%2Fv2%2Fcomments&post=96"}],"version-history":[{"count":11,"href":"https:\/\/bogama.de\/index.php?rest_route=\/wp\/v2\/pages\/96\/revisions"}],"predecessor-version":[{"id":351,"href":"https:\/\/bogama.de\/index.php?rest_route=\/wp\/v2\/pages\/96\/revisions\/351"}],"wp:attachment":[{"href":"https:\/\/bogama.de\/index.php?rest_route=%2Fwp%2Fv2%2Fmedia&parent=96"}],"curies":[{"name":"wp","href":"https:\/\/api.w.org\/{rel}","templated":true}]}}