{"id":150,"date":"2019-04-27T14:04:02","date_gmt":"2019-04-27T12:04:02","guid":{"rendered":"http:\/\/bogama.de\/?page_id=150"},"modified":"2025-05-19T08:45:06","modified_gmt":"2025-05-19T06:45:06","slug":"elektromobilitaet","status":"publish","type":"page","link":"https:\/\/bogama.de\/?page_id=150","title":{"rendered":"Elektromobilit\u00e4t"},"content":{"rendered":"\n<p>Wir l(i)eben Gr\u00fcn!<\/p>\n\n\n\n<p>Neben einer 50kWp Solaranlage, etwa 150m\u00b3 Regenwasserspeichern und dem v\u00f6lligen Umstieg auf einheimisches Holz als Heizmaterial, besteht auch schon der gr\u00f6\u00dfte Teil unseres Fuhrparks aus vollelektrischen Fahrzeugen.<\/p>\n\n\n<div class=\"wp-block-image\">\n<figure class=\"alignright is-resized\"><img loading=\"lazy\" decoding=\"async\" width=\"270\" height=\"372\" src=\"https:\/\/bogama.de\/wp-content\/uploads\/2019\/05\/IMG_2325-e1557560179930.jpg\" alt=\"\" class=\"wp-image-231\" style=\"width:145px;height:199px\" srcset=\"https:\/\/bogama.de\/wp-content\/uploads\/2019\/05\/IMG_2325-e1557560179930.jpg 270w, https:\/\/bogama.de\/wp-content\/uploads\/2019\/05\/IMG_2325-e1557560179930-218x300.jpg 218w\" sizes=\"(max-width: 270px) 100vw, 270px\" \/><\/figure><\/div>\n\n\n<p>Ebenso bieten wir schon seit 2015 zwei \u00f6ffentliche Lades\u00e4ulen mit 22kW zur Nutzung f\u00fcr Jedermann an. Die Freischaltung erfolgt \u00fcber RFID-Karte oder App von NewMotion oder deren Roamingpartnern. Geladen wird in erster Linie der selbst erzeugte Solarstrom. Sollte dies nicht ausreichen, beziehen wir 100% \u00d6kostrom aus zertifizierter Herkunft.<\/p>\n\n\n\n<p>Seit 2018 bereiten wir die Installation eines Superschnellladers vor. In 2018 wurde dazu eine neue Zuleitung vom Transformator des Energieversorgers gelegt und an eine komplett neu errichtete Hauptverteilung in Ihrem BOGAMA angeschlossen. <\/p>\n\n\n\n<p>Der eigentliche &#8218;Hypercharger&#8216; wurde am 15.06.2019 w\u00e4hrend eines E-Mobilit\u00e4ts Infotages feierlich eingewiehen. Dort stehen den Fahrzeugen 2x bis zu 150kW Ladeleistung an CCS, mittels gek\u00fchltem Kabel. Damit befindet sich zu diesem Zeitpunkt in Boppard einer der ersten Superschnelllader abseits von Autobahnen und Schnellstra\u00dfen in Deutschland!<\/p>\n\n\n\n<p>Ein detailliertes Bautagebuch mit allen Einzelheiten finden Sie hier:<\/p>\n\n\n\n<p><a href=\"https:\/\/www.goingelectric.de\/forum\/viewtopic.php?f=104&amp;t=35168\">https:\/\/www.goingelectric.de\/forum\/viewtopic.php?f=104&amp;t=35168<\/a><\/p>\n\n\n\n<p>Ebenso betreiben wir im \u00f6ffentlichen Raum Ladeinfrastruktur mittels AC-S\u00e4ulen. So sind wir zb auf vielen Parkpl\u00e4tzen der Stadt Boppard und Ihren Ortsteilen t\u00e4tig. Die Anzahl der Ladepunkte pro Standort betr\u00e4gt dabei mindestens 2 St\u00fcck und geht momentan auf bis zu 6 St\u00fcck. Steigende Nachfrage k\u00f6nnen wir in der Regel innerhalb weniger Tage ber\u00fccksichtigen, da wir die meisten Komponenten vorr\u00e4tig halten. <\/p>\n\n\n\n<p>Um die Lades\u00e4ulen zu nutzen, k\u00f6nnen Sie alle etablierten Ladekartenanbieter verwenden. Um jedoch von unseren g\u00fcnstigen Preisen zu profitieren, nutzen Sie bitte jeweils die Ladekarte des Backendbetreibers. Dieser ist bei den S\u00e4ulen mit gro\u00dfem Farbdisplay E-Flux und an denen mit kleinem Display (ohne Grafik) 50five.<br><\/p>\n","protected":false},"excerpt":{"rendered":"<p>Wir l(i)eben Gr\u00fcn! Neben einer 50kWp Solaranlage, etwa 150m\u00b3 Regenwasserspeichern und dem v\u00f6lligen Umstieg auf einheimisches Holz als Heizmaterial, besteht auch schon der gr\u00f6\u00dfte Teil unseres Fuhrparks aus vollelektrischen Fahrzeugen. Ebenso bieten wir schon seit 2015 zwei \u00f6ffentliche Lades\u00e4ulen mit 22kW zur Nutzung f\u00fcr Jedermann an. Die Freischaltung erfolgt \u00fcber RFID-Karte oder App von NewMotion&#8230; <\/p>\n","protected":false},"author":1,"featured_media":0,"parent":0,"menu_order":0,"comment_status":"open","ping_status":"closed","template":"","meta":{"footnotes":""},"class_list":["post-150","page","type-page","status-publish","hentry"],"_links":{"self":[{"href":"https:\/\/bogama.de\/index.php?rest_route=\/wp\/v2\/pages\/150"}],"collection":[{"href":"https:\/\/bogama.de\/index.php?rest_route=\/wp\/v2\/pages"}],"about":[{"href":"https:\/\/bogama.de\/index.php?rest_route=\/wp\/v2\/types\/page"}],"author":[{"embeddable":true,"href":"https:\/\/bogama.de\/index.php?rest_route=\/wp\/v2\/users\/1"}],"replies":[{"embeddable":true,"href":"https:\/\/bogama.de\/index.php?rest_route=%2Fwp%2Fv2%2Fcomments&post=150"}],"version-history":[{"count":14,"href":"https:\/\/bogama.de\/index.php?rest_route=\/wp\/v2\/pages\/150\/revisions"}],"predecessor-version":[{"id":349,"href":"https:\/\/bogama.de\/index.php?rest_route=\/wp\/v2\/pages\/150\/revisions\/349"}],"wp:attachment":[{"href":"https:\/\/bogama.de\/index.php?rest_route=%2Fwp%2Fv2%2Fmedia&parent=150"}],"curies":[{"name":"wp","href":"https:\/\/api.w.org\/{rel}","templated":true}]}}