{"id":143,"date":"2019-04-27T11:31:25","date_gmt":"2019-04-27T09:31:25","guid":{"rendered":"http:\/\/bogama.de\/?page_id=143"},"modified":"2024-12-12T09:00:13","modified_gmt":"2024-12-12T08:00:13","slug":"grabpflege","status":"publish","type":"page","link":"https:\/\/bogama.de\/?page_id=143","title":{"rendered":"Grabpflege (eingestellt)"},"content":{"rendered":"\n<p>Entstanden aus einer Friedhofsg\u00e4rtnerei, boten wir \u00fcber 90 Jahre die ganzj\u00e4hrige Grabpflege auf dem Bopparder Hauptfriedhof in Buchenau an. Diese wurde im April 2024 wegen Umstrukturierung und Mitarbeitermangel eingestellt.<\/p>\n\n\n\n<p><\/p>\n","protected":false},"excerpt":{"rendered":"<p>Entstanden aus einer Friedhofsg\u00e4rtnerei, boten wir \u00fcber 90 Jahre die ganzj\u00e4hrige Grabpflege auf dem Bopparder Hauptfriedhof in Buchenau an. Diese wurde im April 2024 wegen Umstrukturierung und Mitarbeitermangel eingestellt.<\/p>\n","protected":false},"author":1,"featured_media":0,"parent":0,"menu_order":0,"comment_status":"closed","ping_status":"closed","template":"template-contact.php","meta":{"footnotes":""},"class_list":["post-143","page","type-page","status-publish","hentry"],"_links":{"self":[{"href":"https:\/\/bogama.de\/index.php?rest_route=\/wp\/v2\/pages\/143"}],"collection":[{"href":"https:\/\/bogama.de\/index.php?rest_route=\/wp\/v2\/pages"}],"about":[{"href":"https:\/\/bogama.de\/index.php?rest_route=\/wp\/v2\/types\/page"}],"author":[{"embeddable":true,"href":"https:\/\/bogama.de\/index.php?rest_route=\/wp\/v2\/users\/1"}],"replies":[{"embeddable":true,"href":"https:\/\/bogama.de\/index.php?rest_route=%2Fwp%2Fv2%2Fcomments&post=143"}],"version-history":[{"count":7,"href":"https:\/\/bogama.de\/index.php?rest_route=\/wp\/v2\/pages\/143\/revisions"}],"predecessor-version":[{"id":342,"href":"https:\/\/bogama.de\/index.php?rest_route=\/wp\/v2\/pages\/143\/revisions\/342"}],"wp:attachment":[{"href":"https:\/\/bogama.de\/index.php?rest_route=%2Fwp%2Fv2%2Fmedia&parent=143"}],"curies":[{"name":"wp","href":"https:\/\/api.w.org\/{rel}","templated":true}]}}